{"id":333,"date":"2024-01-03T04:51:58","date_gmt":"2024-01-03T04:51:58","guid":{"rendered":"http:\/\/ensinandofamilias.com\/?page_id=333"},"modified":"2024-01-27T00:26:13","modified_gmt":"2024-01-27T00:26:13","slug":"produtos","status":"publish","type":"page","link":"http:\/\/ensinandofamilias.com\/?page_id=333","title":{"rendered":"Produtos"},"content":{"rendered":"\n<div class=\"wp-block-columns is-layout-flex wp-container-core-columns-is-layout-1 wp-block-columns-is-layout-flex\" style=\"margin-top:0;margin-bottom:0;padding-top:0;padding-bottom:0\">\n<div class=\"wp-block-column is-layout-flow wp-block-column-is-layout-flow\" style=\"border-style:none;border-width:0px\">\n<figure class=\"wp-block-image size-full\"><img loading=\"lazy\" decoding=\"async\" width=\"764\" height=\"1080\" src=\"https:\/\/i0.wp.com\/ensinandofamilias.com\/wp-content\/uploads\/2024\/01\/Ed-Sexual.png?resize=764%2C1080\" alt=\"\" class=\"wp-image-347\" srcset=\"https:\/\/i0.wp.com\/ensinandofamilias.com\/wp-content\/uploads\/2024\/01\/Ed-Sexual.png?w=764 764w, https:\/\/i0.wp.com\/ensinandofamilias.com\/wp-content\/uploads\/2024\/01\/Ed-Sexual.png?resize=212%2C300 212w, https:\/\/i0.wp.com\/ensinandofamilias.com\/wp-content\/uploads\/2024\/01\/Ed-Sexual.png?resize=724%2C1024 724w\" sizes=\"auto, (max-width: 764px) 100vw, 764px\" data-recalc-dims=\"1\" \/><\/figure>\n\n\n\n<div class=\"wp-block-buttons is-content-justification-center is-layout-flex wp-container-core-buttons-is-layout-1 wp-block-buttons-is-layout-flex\">\n<div class=\"wp-block-button\"><a class=\"wp-block-button__link has-background has-text-align-center wp-element-button\" href=\"https:\/\/go.hotmart.com\/H89994756W\" style=\"background-color:#d7510d\" target=\"_blank\" rel=\"noreferrer noopener\">adquira no hotmart<\/a><\/div>\n<\/div>\n\n\n\n<p>Voc\u00ea sabia que a Educa\u00e7\u00e3o Sexual B\u00edblica para crian\u00e7as e adolescentes \u00e9 a melhor precau\u00e7\u00e3o contra abuso sexual, pornografia, gravidez precoce e comportamentos de riscos para pr\u00e9-adolescentes e adolescentes? No entanto, pesquisas feitas com adolescentes apontam que a educa\u00e7\u00e3o sexual feita pelos pais \u00e9 praticamente inexistente. Os que receberam algum tipo de educa\u00e7\u00e3o sexual, disseram que foi tarde demais (j\u00e1 haviam ouvido sobre o assunto atrav\u00e9s de amigos, internet, trope\u00e7ado em pornografia ou infelizmente sido abusados) e tamb\u00e9m muito superficial. Pais&nbsp;que apressadamente falam para os filhos somente o que o ato sexual em si \u00e9, para sentir que cumpriram com sua obriga\u00e7\u00e3o sem realmente equipar e fornecer conhecimento relevante para os filhos. E por que isto acontece? Porque muitos pais e m\u00e3es n\u00e3o receberam educa\u00e7\u00e3o sexual, ent\u00e3o n\u00e3o sabem como o fazer; sentem vergonha porque tem uma vis\u00e3o distorcida do sexo; ou n\u00e3o entendem a import\u00e2ncia de o fazer.<\/p>\n\n\n\n<p>A apostila Educa\u00e7\u00e3o Sexual B\u00edblica para Crian\u00e7as e Adolescentes ir\u00e1 te ajudar nesta miss\u00e3o important\u00edssima de ser a fonte de conhecimento do seu filho (a) com rela\u00e7\u00e3o \u00e0 sexualidade. Preparamos um material compreensivo com 25 li\u00e7\u00f5es, revisado por m\u00e9dico e duas psic\u00f3logas, que ir\u00e3o te ajudar a conversar de forma relevante, amorosa e tranquila com seus filhos sobre todos os assuntos envolvendo a sexualidade. Basta sentarem-se juntos, pais e filhos, em uma mesa, abrir a apostila e a B\u00edblia, e ler e preencher as li\u00e7\u00f5es juntos.&nbsp;<\/p>\n\n\n\n<p>Inclui &#8220;Educa\u00e7\u00e3o Sexual B\u00edblica para Crian\u00e7as e Adolescentes&#8221; e o Livro Infantil Ilustrado &#8220;Como Deus faz os Beb\u00eas?&#8221;, al\u00e9m de conte\u00fado em v\u00eddeo para lhe ajudar a estudar com seus filhos.&nbsp;<\/p>\n<\/div>\n\n\n\n<div class=\"wp-block-column is-layout-flow wp-block-column-is-layout-flow\">\n<div class=\"wp-block-group is-vertical is-content-justification-center is-layout-flex wp-container-core-group-is-layout-1 wp-block-group-is-layout-flex\">\n<figure class=\"wp-block-image size-large\"><img loading=\"lazy\" decoding=\"async\" width=\"718\" height=\"1024\" src=\"https:\/\/i0.wp.com\/ensinandofamilias.com\/wp-content\/uploads\/2023\/12\/fundamentos-capa-2-2.jpg?resize=718%2C1024\" alt=\"\" class=\"wp-image-138\" srcset=\"https:\/\/i0.wp.com\/ensinandofamilias.com\/wp-content\/uploads\/2023\/12\/fundamentos-capa-2-2.jpg?resize=718%2C1024 718w, https:\/\/i0.wp.com\/ensinandofamilias.com\/wp-content\/uploads\/2023\/12\/fundamentos-capa-2-2.jpg?resize=210%2C300 210w, https:\/\/i0.wp.com\/ensinandofamilias.com\/wp-content\/uploads\/2023\/12\/fundamentos-capa-2-2.jpg?resize=768%2C1096 768w, https:\/\/i0.wp.com\/ensinandofamilias.com\/wp-content\/uploads\/2023\/12\/fundamentos-capa-2-2.jpg?resize=1077%2C1536 1077w, https:\/\/i0.wp.com\/ensinandofamilias.com\/wp-content\/uploads\/2023\/12\/fundamentos-capa-2-2.jpg?w=1381 1381w\" sizes=\"auto, (max-width: 718px) 100vw, 718px\" data-recalc-dims=\"1\" \/><\/figure>\n\n\n\n<div class=\"wp-block-buttons is-layout-flex wp-block-buttons-is-layout-flex\">\n<div class=\"wp-block-button\"><a class=\"wp-block-button__link has-background has-text-align-center wp-element-button\" href=\"https:\/\/go.hotmart.com\/Y89996590A\" style=\"background-color:#d7510d\" target=\"_blank\" rel=\"noreferrer noopener\">adquira no hotmart<\/a><\/div>\n<\/div>\n\n\n\n<p class=\"has-text-align-left\">A adolesc\u00eancia \u00e9 uma fase cheia de questionamentos sobre si mesmo, o mundo, as pessoas e at\u00e9 a pr\u00f3pria f\u00e9. Mas agora voc\u00eas, pai e m\u00e3e, podem ajudar seu filho (a) a encontrar na B\u00edblia a resposta para suas d\u00favidas.\u00a0Na apostila Fundamentos da F\u00e9 para Pr\u00e9-Adolescentes e Adolescentes, seu filho adolescente vai receber o conhecimento b\u00edblico necess\u00e1rio para ter uma vida de f\u00e9 s\u00f3lida e bem fundamentada na Palavra.<\/p>\n\n\n\n<p> <\/p>\n<\/div>\n\n\n\n<hr class=\"wp-block-separator aligncenter has-alpha-channel-opacity\"\/>\n\n\n\n<p> <\/p>\n\n\n\n<figure class=\"wp-block-image size-full\"><img loading=\"lazy\" decoding=\"async\" width=\"669\" height=\"1000\" src=\"https:\/\/i0.wp.com\/ensinandofamilias.com\/wp-content\/uploads\/2024\/01\/maternidade-livro.jpeg?resize=669%2C1000\" alt=\"\" class=\"wp-image-382\" srcset=\"https:\/\/i0.wp.com\/ensinandofamilias.com\/wp-content\/uploads\/2024\/01\/maternidade-livro.jpeg?w=669 669w, https:\/\/i0.wp.com\/ensinandofamilias.com\/wp-content\/uploads\/2024\/01\/maternidade-livro.jpeg?resize=201%2C300 201w\" sizes=\"auto, (max-width: 669px) 100vw, 669px\" data-recalc-dims=\"1\" \/><\/figure>\n\n\n\n<div class=\"wp-block-group is-vertical is-layout-flex wp-container-core-group-is-layout-2 wp-block-group-is-layout-flex\">\n<div class=\"wp-block-buttons is-content-justification-center is-layout-flex wp-container-core-buttons-is-layout-3 wp-block-buttons-is-layout-flex\">\n<div class=\"wp-block-button\"><a class=\"wp-block-button__link has-background has-text-align-center wp-element-button\" href=\"https:\/\/publicacoespaodiario.com.br\/produto\/maternidade-presente-ou-fardo-encontrando-alegria-e-proposito-em-meio-aos-desafios-diarios\/\" style=\"background-color:#d7510d\" target=\"_blank\" rel=\"noreferrer noopener\">Adquira na p\u00e3o di\u00e1rio<\/a><\/div>\n\n\n\n<div class=\"wp-block-button\"><a class=\"wp-block-button__link has-background has-text-align-center wp-element-button\" href=\"https:\/\/www.amazon.com.br\/Maternidade-Presente-Encontrando-prop%C3%B3sito-desafios\/dp\/6587506038\/ref=sr_1_1?crid=3H54W24G5JRY5&amp;keywords=maternidade+presente+ou+fardo&amp;qid=1704254751&amp;sprefix=maternidade+presente%2Caps%2C99&amp;sr=8-1\" style=\"background-color:#d7510d\" target=\"_blank\" rel=\"noreferrer noopener\">Adquira na amazon<\/a><\/div>\n<\/div>\n\n\n\n<p>O Livro &#8220;Maternidade: Presente ou Fardo?&#8221; recebeu o Pr\u00eamio Aret\u00e9, o maior pr\u00eamio da Literatura Crist\u00e3 no Brasil, no ano de 2022 (premia\u00e7\u00e3o para 2021-2022). O objetivo deste livro \u00e9 ajudar as m\u00e3es a compreender a beleza da maternidade mesmo em meio \u00e0s dificuldades que esta esta\u00e7\u00e3o da vida nos apresenta, e tem aben\u00e7oado muitas m\u00e3es! Adquira o seu diretamente na Publica\u00e7\u00f5es P\u00e3o Di\u00e1rio, ou pelo Amazon, nos links abaixo:<\/p>\n<\/div>\n<\/div>\n<\/div>\n","protected":false},"excerpt":{"rendered":"<p>Voc\u00ea sabia que a Educa\u00e7\u00e3o Sexual B\u00edblica para crian\u00e7as e adolescentes \u00e9 a melhor precau\u00e7\u00e3o contra abuso sexual, pornografia, gravidez precoce e comportamentos de riscos para pr\u00e9-adolescentes e adolescentes? No entanto, pesquisas feitas com adolescentes apontam que a educa\u00e7\u00e3o sexual feita pelos pais \u00e9 praticamente inexistente. Os que receberam algum tipo de educa\u00e7\u00e3o sexual, disseram [&hellip;]<\/p>\n","protected":false},"author":1,"featured_media":0,"parent":0,"menu_order":0,"comment_status":"closed","ping_status":"closed","template":"","meta":{"footnotes":""},"class_list":["post-333","page","type-page","status-publish","hentry"],"jetpack_sharing_enabled":true,"jetpack-related-posts":[],"_links":{"self":[{"href":"http:\/\/ensinandofamilias.com\/index.php?rest_route=\/wp\/v2\/pages\/333","targetHints":{"allow":["GET"]}}],"collection":[{"href":"http:\/\/ensinandofamilias.com\/index.php?rest_route=\/wp\/v2\/pages"}],"about":[{"href":"http:\/\/ensinandofamilias.com\/index.php?rest_route=\/wp\/v2\/types\/page"}],"author":[{"embeddable":true,"href":"http:\/\/ensinandofamilias.com\/index.php?rest_route=\/wp\/v2\/users\/1"}],"replies":[{"embeddable":true,"href":"http:\/\/ensinandofamilias.com\/index.php?rest_route=%2Fwp%2Fv2%2Fcomments&post=333"}],"version-history":[{"count":19,"href":"http:\/\/ensinandofamilias.com\/index.php?rest_route=\/wp\/v2\/pages\/333\/revisions"}],"predecessor-version":[{"id":383,"href":"http:\/\/ensinandofamilias.com\/index.php?rest_route=\/wp\/v2\/pages\/333\/revisions\/383"}],"wp:attachment":[{"href":"http:\/\/ensinandofamilias.com\/index.php?rest_route=%2Fwp%2Fv2%2Fmedia&parent=333"}],"curies":[{"name":"wp","href":"https:\/\/api.w.org\/{rel}","templated":true}]}}